{"id":154,"date":"2025-10-29T17:48:49","date_gmt":"2025-10-29T17:48:49","guid":{"rendered":"https:\/\/free-gualanday.com\/?page_id=154"},"modified":"2025-10-30T15:59:11","modified_gmt":"2025-10-30T15:59:11","slug":"kontakt","status":"publish","type":"page","link":"https:\/\/free-gualanday.com\/?page_id=154","title":{"rendered":"Kontakt"},"content":{"rendered":"<div><img data-recalc-dims=\"1\" loading=\"lazy\" decoding=\"async\" class=\"alignnone wp-image-17 size-full\" src=\"https:\/\/i0.wp.com\/free-gualanday.com\/wp-content\/uploads\/2025\/10\/9-der-ort.jpg?resize=600%2C600&#038;ssl=1\" alt=\"\" width=\"600\" height=\"600\" srcset=\"https:\/\/i0.wp.com\/free-gualanday.com\/wp-content\/uploads\/2025\/10\/9-der-ort.jpg?w=600&amp;ssl=1 600w, https:\/\/i0.wp.com\/free-gualanday.com\/wp-content\/uploads\/2025\/10\/9-der-ort.jpg?resize=300%2C300&amp;ssl=1 300w, https:\/\/i0.wp.com\/free-gualanday.com\/wp-content\/uploads\/2025\/10\/9-der-ort.jpg?resize=150%2C150&amp;ssl=1 150w\" sizes=\"auto, (max-width: 600px) 100vw, 600px\" \/><\/div>\n<div>&nbsp;<\/div>\n<div class=\"kontakt\"><span style=\"color: #3d3f47;\">Martin Habegger<\/span><br \/>\n<span style=\"color: #3d3f47;\">Kolumbien<br \/>\nE-Mail&nbsp;<a class=\"link\" style=\"color: #3d3f47;\" href=\"mailto:palosanto@sunrise.ch\">palosanto@free-gualanday.com<\/a><\/span><\/div>\n<div>&nbsp;<\/div>\n<h2><span style=\"color: #3d3f47;\">Geld-\u00dcberweisungen<\/span><\/h2>\n<div class=\"kontakt\">\n<p><span style=\"color: #3d3f47;\"><strong>Geld\u00fcberweisungen ab 2022 nur noch \u00fcber TransferWise<\/strong>&nbsp;unter&nbsp;<a class=\"link\" style=\"color: #3d3f47;\" href=\"https:\/\/wise.com\/\" target=\"_blank\" rel=\"noopener\">www.wise.com<\/a><\/span><\/p>\n<p><span style=\"color: #3d3f47;\">Martin Habegger<\/span><br \/>\n<span style=\"color: #3d3f47;\">c\/o Chris Habegger<\/span><br \/>\n<span style=\"color: #3d3f47;\">Kilchgrundstrasse 32<\/span><br \/>\n<span style=\"color: #3d3f47;\">Ostermundigen, 3072<\/span><br \/>\n<span style=\"color: #3d3f47;\">Switzerland<\/span><br \/>\n<span style=\"color: #3d3f47;\">Kundennummer<\/span><br \/>\n<span style=\"color: #3d3f47;\"><strong>P31821904<\/strong><\/span><\/p>\n<\/div>\n","protected":false},"excerpt":{"rendered":"<p>&nbsp; Martin Habegger Kolumbien E-Mail&nbsp;palosanto@free-gualanday.com &nbsp; Geld-\u00dcberweisungen Geld\u00fcberweisungen ab 2022 nur noch \u00fcber TransferWise&nbsp;unter&nbsp;www.wise.com Martin Habegger c\/o Chris Habegger Kilchgrundstrasse &hellip; <a href=\"https:\/\/free-gualanday.com\/?page_id=154\" class=\"more-link\">Continue reading <span class=\"screen-reader-text\">Kontakt<\/span><\/a><\/p>\n","protected":false},"author":1,"featured_media":0,"parent":0,"menu_order":0,"comment_status":"closed","ping_status":"closed","template":"","meta":{"ngg_post_thumbnail":0,"footnotes":""},"class_list":["post-154","page","type-page","status-publish","hentry"],"jetpack_sharing_enabled":true,"_links":{"self":[{"href":"https:\/\/free-gualanday.com\/index.php?rest_route=\/wp\/v2\/pages\/154","targetHints":{"allow":["GET"]}}],"collection":[{"href":"https:\/\/free-gualanday.com\/index.php?rest_route=\/wp\/v2\/pages"}],"about":[{"href":"https:\/\/free-gualanday.com\/index.php?rest_route=\/wp\/v2\/types\/page"}],"author":[{"embeddable":true,"href":"https:\/\/free-gualanday.com\/index.php?rest_route=\/wp\/v2\/users\/1"}],"replies":[{"embeddable":true,"href":"https:\/\/free-gualanday.com\/index.php?rest_route=%2Fwp%2Fv2%2Fcomments&post=154"}],"version-history":[{"count":7,"href":"https:\/\/free-gualanday.com\/index.php?rest_route=\/wp\/v2\/pages\/154\/revisions"}],"predecessor-version":[{"id":185,"href":"https:\/\/free-gualanday.com\/index.php?rest_route=\/wp\/v2\/pages\/154\/revisions\/185"}],"wp:attachment":[{"href":"https:\/\/free-gualanday.com\/index.php?rest_route=%2Fwp%2Fv2%2Fmedia&parent=154"}],"curies":[{"name":"wp","href":"https:\/\/api.w.org\/{rel}","templated":true}]}}